{"id":2114,"date":"2012-08-02T20:01:11","date_gmt":"2012-08-02T20:01:11","guid":{"rendered":"http:\/\/themes.goodlayers.com\/copolio\/?page_id=2114"},"modified":"2017-06-10T02:36:51","modified_gmt":"2017-06-10T07:06:51","slug":"faqs","status":"publish","type":"page","link":"https:\/\/quickboxcargo.com\/?page_id=2114","title":{"rendered":"Preguntas Frecuentes"},"content":{"rendered":"<div class=\"fusion-fullwidth fullwidth-box fusion-builder-row-1 hundred-percent-fullwidth non-hundred-percent-height-scrolling\" style=\"--awb-border-radius-top-left:0px;--awb-border-radius-top-right:0px;--awb-border-radius-bottom-right:0px;--awb-border-radius-bottom-left:0px;--awb-overflow:visible;--awb-flex-wrap:wrap;\" ><div class=\"fusion-builder-row fusion-row\"><div class=\"fusion-layout-column fusion_builder_column fusion-builder-column-0 fusion_builder_column_1_2 1_2 fusion-one-half fusion-column-first\" style=\"--awb-bg-size:cover;width:48%; margin-right: 4%;\"><div class=\"fusion-column-wrapper fusion-flex-column-wrapper-legacy\"><div class=\"fusion-image-element fusion-image-align-center in-legacy-container\" style=\"text-align:center;--awb-caption-title-font-family:var(--h2_typography-font-family);--awb-caption-title-font-weight:var(--h2_typography-font-weight);--awb-caption-title-font-style:var(--h2_typography-font-style);--awb-caption-title-size:var(--h2_typography-font-size);--awb-caption-title-transform:var(--h2_typography-text-transform);--awb-caption-title-line-height:var(--h2_typography-line-height);--awb-caption-title-letter-spacing:var(--h2_typography-letter-spacing);\"><div class=\"imageframe-align-center\"><span class=\" fusion-imageframe imageframe-none imageframe-1 hover-type-none\"><img decoding=\"async\" src=\"http:\/\/quickboxcargo.com\/wp-content\/uploads\/2012\/08\/how-medicare-works-faq-icon_d.png\" alt class=\"img-responsive\"\/><\/span><\/div><\/div><div class=\"fusion-text fusion-text-1\"><p>En Quickbox estamos para servirle. Por eso queremos aclarar\u00a0todas sus dudas antes de realizar sus compras as\u00ed garantizamos su satisfacci\u00f3n al 100%. Si su pregunta no est\u00e1 en esta secci\u00f3n no deje de <a href=\"http:\/\/quickboxcargo.com\/?page_id=23\">Contactarnos<\/a>.<\/p>\n<\/div><div class=\"fusion-clearfix\"><\/div><\/div><\/div><div class=\"fusion-layout-column fusion_builder_column fusion-builder-column-1 fusion_builder_column_1_2 1_2 fusion-one-half fusion-column-last\" style=\"--awb-bg-size:cover;width:48%;\"><div class=\"fusion-column-wrapper fusion-flex-column-wrapper-legacy\"><div class=\"accordian fusion-accordian\" style=\"--awb-border-size:1px;--awb-icon-size:13px;--awb-content-font-size:14px;--awb-icon-alignment:left;--awb-hover-color:#f9f9f9;--awb-border-color:#cccccc;--awb-background-color:#ffffff;--awb-divider-color:#e0dede;--awb-divider-hover-color:#e0dede;--awb-icon-color:#ffffff;--awb-title-color:#000000;--awb-content-color:#4c4c4c;--awb-icon-box-color:#333333;--awb-toggle-hover-accent-color:#6796bf;--awb-title-font-family:&quot;Raleway&quot;;--awb-title-font-weight:400;--awb-title-font-style:normal;--awb-title-font-size:16px;--awb-title-letter-spacing:0px;--awb-title-line-height:1.33;--awb-content-font-family:&quot;Raleway&quot;;--awb-content-font-style:normal;--awb-content-font-weight:400;\"><div class=\"panel-group fusion-toggle-icon-boxed\" id=\"accordion-2114-1\"><div class=\"fusion-panel panel-default panel-9ab3fd74a693b72ca fusion-toggle-has-divider\"><div class=\"panel-heading\"><h4 class=\"panel-title toggle\" id=\"toggle_9ab3fd74a693b72ca\"><a aria-expanded=\"false\" aria-controls=\"9ab3fd74a693b72ca\" role=\"button\" data-toggle=\"collapse\" data-parent=\"#accordion-2114-1\" data-target=\"#9ab3fd74a693b72ca\" href=\"#9ab3fd74a693b72ca\"><span class=\"fusion-toggle-icon-wrapper\" aria-hidden=\"true\"><i class=\"fa-fusion-box active-icon awb-icon-minus\" aria-hidden=\"true\"><\/i><i class=\"fa-fusion-box inactive-icon awb-icon-plus\" aria-hidden=\"true\"><\/i><\/span><span class=\"fusion-toggle-heading\">\u00bfComo puedo pagar mis env\u00edos?<\/span><\/a><\/h4><\/div><div id=\"9ab3fd74a693b72ca\" class=\"panel-collapse collapse \" aria-labelledby=\"toggle_9ab3fd74a693b72ca\"><div class=\"panel-body toggle-content fusion-clearfix\">Usted puede pagar sus env\u00edos en Dolares, Bolivares al Cambio del d\u00eda y Paypal.<\/div><\/div><\/div><div class=\"fusion-panel panel-default panel-e5c838d1fb3d579a7 fusion-toggle-has-divider\"><div class=\"panel-heading\"><h4 class=\"panel-title toggle\" id=\"toggle_e5c838d1fb3d579a7\"><a aria-expanded=\"false\" aria-controls=\"e5c838d1fb3d579a7\" role=\"button\" data-toggle=\"collapse\" data-parent=\"#accordion-2114-1\" data-target=\"#e5c838d1fb3d579a7\" href=\"#e5c838d1fb3d579a7\"><span class=\"fusion-toggle-icon-wrapper\" aria-hidden=\"true\"><i class=\"fa-fusion-box active-icon awb-icon-minus\" aria-hidden=\"true\"><\/i><i class=\"fa-fusion-box inactive-icon awb-icon-plus\" aria-hidden=\"true\"><\/i><\/span><span class=\"fusion-toggle-heading\">\u00bfD\u00f3nde debo enviar mis compras?<\/span><\/a><\/h4><\/div><div id=\"e5c838d1fb3d579a7\" class=\"panel-collapse collapse \" aria-labelledby=\"toggle_e5c838d1fb3d579a7\"><div class=\"panel-body toggle-content fusion-clearfix\">Visite nuestra secci\u00f3n <a href=\"http:\/\/quickboxcargo.com\/?page_id=19\">Direcciones<\/a> para informaci\u00f3n m\u00e1s completa.<\/div><\/div><\/div><div class=\"fusion-panel panel-default panel-4674851e47f1dc0ca fusion-toggle-has-divider\"><div class=\"panel-heading\"><h4 class=\"panel-title toggle\" id=\"toggle_4674851e47f1dc0ca\"><a aria-expanded=\"false\" aria-controls=\"4674851e47f1dc0ca\" role=\"button\" data-toggle=\"collapse\" data-parent=\"#accordion-2114-1\" data-target=\"#4674851e47f1dc0ca\" href=\"#4674851e47f1dc0ca\"><span class=\"fusion-toggle-icon-wrapper\" aria-hidden=\"true\"><i class=\"fa-fusion-box active-icon awb-icon-minus\" aria-hidden=\"true\"><\/i><i class=\"fa-fusion-box inactive-icon awb-icon-plus\" aria-hidden=\"true\"><\/i><\/span><span class=\"fusion-toggle-heading\">\u00bfCuanto me costar\u00e1 el env\u00edo?<\/span><\/a><\/h4><\/div><div id=\"4674851e47f1dc0ca\" class=\"panel-collapse collapse \" aria-labelledby=\"toggle_4674851e47f1dc0ca\"><div class=\"panel-body toggle-content fusion-clearfix\">Contamos con una calculadora que con solo introducir las medidas y el peso del empaque de su producto le indica el precio aproximado. <a href=\"http:\/\/quickboxcargo.com\/?page_id=2932\">Haga click AQUI para usar la calculadora.<\/a><\/div><\/div><\/div><div class=\"fusion-panel panel-default panel-45c3cc03574c1c5c2 fusion-toggle-has-divider\"><div class=\"panel-heading\"><h4 class=\"panel-title toggle\" id=\"toggle_45c3cc03574c1c5c2\"><a aria-expanded=\"false\" aria-controls=\"45c3cc03574c1c5c2\" role=\"button\" data-toggle=\"collapse\" data-parent=\"#accordion-2114-1\" data-target=\"#45c3cc03574c1c5c2\" href=\"#45c3cc03574c1c5c2\"><span class=\"fusion-toggle-icon-wrapper\" aria-hidden=\"true\"><i class=\"fa-fusion-box active-icon awb-icon-minus\" aria-hidden=\"true\"><\/i><i class=\"fa-fusion-box inactive-icon awb-icon-plus\" aria-hidden=\"true\"><\/i><\/span><span class=\"fusion-toggle-heading\">\u00bfComo puedo saber si mi paquete ya fue cargado en el sistema?<\/span><\/a><\/h4><\/div><div id=\"45c3cc03574c1c5c2\" class=\"panel-collapse collapse \" aria-labelledby=\"toggle_45c3cc03574c1c5c2\"><div class=\"panel-body toggle-content fusion-clearfix\">Si usted ya notific\u00f3 el arribo de su paquete y seleccion\u00f3 el tipo de env\u00edo usted puede <a href=\"http:\/\/quickboxcargo.com\/?page_id=23\">Contactarnos<\/a> para darle informaci\u00f3n m\u00e1s completa. Pr\u00f3ximamente podr\u00e1 verificar el estatus en linea.<\/div><\/div><\/div><\/div><\/div><div class=\"fusion-clearfix\"><\/div><\/div><\/div><\/div><\/div>\n","protected":false},"excerpt":{"rendered":"","protected":false},"author":1,"featured_media":0,"parent":0,"menu_order":0,"comment_status":"open","ping_status":"open","template":"","meta":{"_joinchat":[],"footnotes":""},"class_list":["post-2114","page","type-page","status-publish","hentry"],"_links":{"self":[{"href":"https:\/\/quickboxcargo.com\/index.php?rest_route=\/wp\/v2\/pages\/2114","targetHints":{"allow":["GET"]}}],"collection":[{"href":"https:\/\/quickboxcargo.com\/index.php?rest_route=\/wp\/v2\/pages"}],"about":[{"href":"https:\/\/quickboxcargo.com\/index.php?rest_route=\/wp\/v2\/types\/page"}],"author":[{"embeddable":true,"href":"https:\/\/quickboxcargo.com\/index.php?rest_route=\/wp\/v2\/users\/1"}],"replies":[{"embeddable":true,"href":"https:\/\/quickboxcargo.com\/index.php?rest_route=%2Fwp%2Fv2%2Fcomments&post=2114"}],"version-history":[{"count":5,"href":"https:\/\/quickboxcargo.com\/index.php?rest_route=\/wp\/v2\/pages\/2114\/revisions"}],"predecessor-version":[{"id":13137,"href":"https:\/\/quickboxcargo.com\/index.php?rest_route=\/wp\/v2\/pages\/2114\/revisions\/13137"}],"wp:attachment":[{"href":"https:\/\/quickboxcargo.com\/index.php?rest_route=%2Fwp%2Fv2%2Fmedia&parent=2114"}],"curies":[{"name":"wp","href":"https:\/\/api.w.org\/{rel}","templated":true}]}}